{"id":5220,"date":"2024-04-25T13:26:40","date_gmt":"2024-04-25T11:26:40","guid":{"rendered":"https:\/\/elfin.de\/disclaimer\/"},"modified":"2024-07-11T23:00:00","modified_gmt":"2024-07-11T21:00:00","slug":"disclaimer","status":"publish","type":"page","link":"https:\/\/elfin.de\/en\/disclaimer\/","title":{"rendered":"Disclaimer"},"content":{"rendered":"\n<style type=\"text\/css\" data-created_by=\"avia_inline_auto\" id=\"style-css-av-av_section-96a41400658aebc930baf7702aab4c79\">\n.avia-section.av-av_section-96a41400658aebc930baf7702aab4c79{\nbackground-color:#2f208a;\nbackground-image:unset;\n}\n.avia-section.av-av_section-96a41400658aebc930baf7702aab4c79 .av-section-color-overlay{\nopacity:1;\nbackground-image:url(https:\/\/elfin.de\/wp-content\/uploads\/2024\/07\/Verlauf.png);\nbackground-repeat:repeat;\n}\n<\/style>\n<div id='av_section_1'  class='avia-section av-av_section-96a41400658aebc930baf7702aab4c79 alternate_color avia-section-huge avia-no-border-styling  avia-builder-el-0  el_before_av_section  avia-builder-el-first  hero-area avia-bg-style-scroll av-section-color-overlay-active av-minimum-height av-minimum-height-25 av-height-25  container_wrap fullsize'   data-av_minimum_height_pc='25' data-av_min_height_opt='25'><div class=\"av-section-color-overlay-wrap\"><div class=\"av-section-color-overlay\"><\/div><div class='container av-section-cont-open' ><main  role=\"main\" itemprop=\"mainContentOfPage\"  class='template-page content  av-content-full alpha units'><div class='post-entry post-entry-type-page post-entry-5220'><div class='entry-content-wrapper clearfix'>\n<div  class='flex_column av-av_three_fifth-41ee899840124b6993b57a87f996c353 av_three_fifth  avia-builder-el-1  avia-builder-el-no-sibling  first flex_column_div  '     ><style type=\"text\/css\" data-created_by=\"avia_inline_auto\" id=\"style-css-av-ly8ko911-1d4aa2669547af65f5e877be07b17fdf\">\n#top .av-special-heading.av-ly8ko911-1d4aa2669547af65f5e877be07b17fdf{\npadding-bottom:10px;\n}\nbody .av-special-heading.av-ly8ko911-1d4aa2669547af65f5e877be07b17fdf .av-special-heading-tag .heading-char{\nfont-size:25px;\n}\n.av-special-heading.av-ly8ko911-1d4aa2669547af65f5e877be07b17fdf .av-subheading{\nfont-size:15px;\n}\n<\/style>\n<div  class='av-special-heading av-ly8ko911-1d4aa2669547af65f5e877be07b17fdf av-special-heading-h1 blockquote modern-quote  avia-builder-el-2  avia-builder-el-no-sibling  av-thin-font'><h1 class='av-special-heading-tag '  itemprop=\"headline\"  ><strong>Disclaimer<\/strong><\/h1><div class=\"special-heading-border\"><div class=\"special-heading-inner-border\"><\/div><\/div><\/div><\/div>\n\n<\/div><\/div><\/main><!-- close content main element --><\/div><\/div><\/div><div id='av_section_2'  class='avia-section av-av_section-674441609c1bf8dabb79dd1baf76969f main_color avia-section-huge avia-no-border-styling  avia-builder-el-3  el_after_av_section  avia-builder-el-last  avia-bg-style-scroll container_wrap fullsize'  ><div class='container av-section-cont-open' ><div class='template-page content  av-content-full alpha units'><div class='post-entry post-entry-type-page post-entry-5220'><div class='entry-content-wrapper clearfix'>\n<section  class='av_textblock_section av-ly8ko2rr-7bef136be63e35e1ae35e94b868318d5 '   itemscope=\"itemscope\" itemtype=\"https:\/\/schema.org\/CreativeWork\" ><div class='avia_textblock'  itemprop=\"text\" ><h3>1. Content of the online offer<\/h3>\n<p>The author assumes no liability for the topicality, correctness, completeness or quality of the information provided. Liability claims against the author relating to material or immaterial damage caused by the use or non-use of the information provided or by the use of incorrect or incomplete information are fundamentally excluded, unless there is evidence of wilful intent or gross negligence on the part of the author. All offers are subject to change and non-binding. Der Autor beh\u00e4lt es sich ausdr\u00fccklich vor, Teile der Seiten oder das gesamte Angebot ohne gesonderte Ank\u00fcndigung zu ver\u00e4ndern, zu erg\u00e4nzen, zu l\u00f6schen oder die Ver\u00f6ffentlichung zeitweise oder endg\u00fcltig einzustellen.<\/p>\n<h3>2. References &amp; links<\/h3>\n<p>In the case of direct or indirect references to external websites (hyperlinks) that lie outside the author&#8217;s area of responsibility, a liability obligation would only come into force if the author had knowledge of the content and it was technically possible and reasonable for him to prevent use in the case of illegal content. The author hereby expressly declares that at the time the links were created, no illegal content was recognizable on the linked pages The author has no influence whatsoever on the current and future design, content or authorship of the linked pages. He therefore expressly distances himself from all contents of all linked pages that were changed after the link was created. This statement applies to all links and references set within the author&#8217;s own website as well as to third-party entries in guest books, discussion forums and mailing lists set up by the author. For illegal, incorrect or incomplete contents and in particular for damages resulting from the use or non-use of such information, only the provider of the page to which reference is made is liable, not the person who merely refers to the respective publication via links.<\/p>\n<h3>3. Copyright and trademark law<\/h3>\n<p>The author endeavors to observe the copyrights of the graphics, sound documents, video sequences and texts used in all publications, to use graphics, sound documents, video sequences and texts created by himself or to use license-free graphics, sound documents, video sequences and texts. All brands and trademarks mentioned on the website and possibly protected by third parties are subject without restriction to the provisions of the applicable trademark law and the ownership rights of the respective registered owners. The mere mention of a trademark does not imply that it is not protected by third-party rights!<\/p>\n<p>The copyright for published objects created by the author himself remains solely with the author of the pages. Any duplication or use of objects such as images, diagrams, sounds or texts in other electronic or printed publications is not permitted without the author&#8217;s agreement.<\/p>\n<h3>4. Data protection<\/h3>\n<p>If the opportunity for the input of personal or business data (e-mail addresses, names, addresses) is given, the input of these data takes place voluntarily.The use and payment of all offered services is &#8211; as far as technically possible and reasonable &#8211; also permitted without providing such data or by providing anonymized data or a pseudonym. The use of contact data such as postal addresses, telephone and fax numbers and e-mail addresses published in the imprint or comparable information by third parties for the purpose of sending information that has not been expressly requested is not permitted. We expressly reserve the right to take legal action against the senders of so-called spam mails in the event of violations of this prohibition.<\/p>\n<h3>5. Legal validity of the disclaimer<\/h3>\n<p>This disclaimer is to be regarded as part of the internet publication which you were referred from.If sections or individual terms of this statement are not legal or correct, the content or validity of the other parts remain uninfluenced by this fact.<\/p>\n<\/div><\/section>\n\n","protected":false},"excerpt":{"rendered":"","protected":false},"author":1,"featured_media":0,"parent":0,"menu_order":100,"comment_status":"closed","ping_status":"closed","template":"","meta":{"footnotes":""},"class_list":["post-5220","page","type-page","status-publish","hentry"],"yoast_head":"<!-- This site is optimized with the Yoast SEO plugin v27.2 - https:\/\/yoast.com\/product\/yoast-seo-wordpress\/ -->\n<title>Disclaimer - ELFIN Technology<\/title>\n<meta name=\"description\" content=\"Disclaimer of ELFIN Technology GmbH\" \/>\n<meta name=\"robots\" content=\"index, follow, max-snippet:-1, max-image-preview:large, max-video-preview:-1\" \/>\n<link rel=\"canonical\" href=\"https:\/\/elfin.de\/en\/disclaimer\/\" \/>\n<meta property=\"og:locale\" content=\"en_US\" \/>\n<meta property=\"og:type\" content=\"article\" \/>\n<meta property=\"og:title\" content=\"Disclaimer - ELFIN Technology\" \/>\n<meta property=\"og:description\" content=\"Disclaimer of ELFIN Technology GmbH\" \/>\n<meta property=\"og:url\" content=\"https:\/\/elfin.de\/en\/disclaimer\/\" \/>\n<meta property=\"og:site_name\" content=\"ELFIN Technology\" \/>\n<meta property=\"article:modified_time\" content=\"2024-07-11T21:00:00+00:00\" \/>\n<meta name=\"twitter:card\" content=\"summary_large_image\" \/>\n<meta name=\"twitter:label1\" content=\"Est. reading time\" \/>\n\t<meta name=\"twitter:data1\" content=\"4 minutes\" \/>\n<script type=\"application\/ld+json\" class=\"yoast-schema-graph\">{\"@context\":\"https:\/\/schema.org\",\"@graph\":[{\"@type\":\"WebPage\",\"@id\":\"https:\/\/elfin.de\/en\/disclaimer\/\",\"url\":\"https:\/\/elfin.de\/en\/disclaimer\/\",\"name\":\"Disclaimer - ELFIN Technology\",\"isPartOf\":{\"@id\":\"https:\/\/elfin.de\/en\/#website\"},\"datePublished\":\"2024-04-25T11:26:40+00:00\",\"dateModified\":\"2024-07-11T21:00:00+00:00\",\"description\":\"Disclaimer of ELFIN Technology GmbH\",\"breadcrumb\":{\"@id\":\"https:\/\/elfin.de\/en\/disclaimer\/#breadcrumb\"},\"inLanguage\":\"en-US\",\"potentialAction\":[{\"@type\":\"ReadAction\",\"target\":[\"https:\/\/elfin.de\/en\/disclaimer\/\"]}]},{\"@type\":\"BreadcrumbList\",\"@id\":\"https:\/\/elfin.de\/en\/disclaimer\/#breadcrumb\",\"itemListElement\":[{\"@type\":\"ListItem\",\"position\":1,\"name\":\"Startseite\",\"item\":\"https:\/\/elfin.de\/en\/home-page\/\"},{\"@type\":\"ListItem\",\"position\":2,\"name\":\"Disclaimer\"}]},{\"@type\":\"WebSite\",\"@id\":\"https:\/\/elfin.de\/en\/#website\",\"url\":\"https:\/\/elfin.de\/en\/\",\"name\":\"ELFIN Technology\",\"description\":\"\",\"publisher\":{\"@id\":\"https:\/\/elfin.de\/en\/#organization\"},\"potentialAction\":[{\"@type\":\"SearchAction\",\"target\":{\"@type\":\"EntryPoint\",\"urlTemplate\":\"https:\/\/elfin.de\/en\/?s={search_term_string}\"},\"query-input\":{\"@type\":\"PropertyValueSpecification\",\"valueRequired\":true,\"valueName\":\"search_term_string\"}}],\"inLanguage\":\"en-US\"},{\"@type\":\"Organization\",\"@id\":\"https:\/\/elfin.de\/en\/#organization\",\"name\":\"ELFIN Consulting\",\"url\":\"https:\/\/elfin.de\/en\/\",\"logo\":{\"@type\":\"ImageObject\",\"inLanguage\":\"en-US\",\"@id\":\"https:\/\/elfin.de\/en\/#\/schema\/logo\/image\/\",\"url\":\"\",\"contentUrl\":\"\",\"caption\":\"ELFIN Consulting\"},\"image\":{\"@id\":\"https:\/\/elfin.de\/en\/#\/schema\/logo\/image\/\"}}]}<\/script>\n<!-- \/ Yoast SEO plugin. -->","yoast_head_json":{"title":"Disclaimer - ELFIN Technology","description":"Disclaimer of ELFIN Technology GmbH","robots":{"index":"index","follow":"follow","max-snippet":"max-snippet:-1","max-image-preview":"max-image-preview:large","max-video-preview":"max-video-preview:-1"},"canonical":"https:\/\/elfin.de\/en\/disclaimer\/","og_locale":"en_US","og_type":"article","og_title":"Disclaimer - ELFIN Technology","og_description":"Disclaimer of ELFIN Technology GmbH","og_url":"https:\/\/elfin.de\/en\/disclaimer\/","og_site_name":"ELFIN Technology","article_modified_time":"2024-07-11T21:00:00+00:00","twitter_card":"summary_large_image","twitter_misc":{"Est. reading time":"4 minutes"},"schema":{"@context":"https:\/\/schema.org","@graph":[{"@type":"WebPage","@id":"https:\/\/elfin.de\/en\/disclaimer\/","url":"https:\/\/elfin.de\/en\/disclaimer\/","name":"Disclaimer - ELFIN Technology","isPartOf":{"@id":"https:\/\/elfin.de\/en\/#website"},"datePublished":"2024-04-25T11:26:40+00:00","dateModified":"2024-07-11T21:00:00+00:00","description":"Disclaimer of ELFIN Technology GmbH","breadcrumb":{"@id":"https:\/\/elfin.de\/en\/disclaimer\/#breadcrumb"},"inLanguage":"en-US","potentialAction":[{"@type":"ReadAction","target":["https:\/\/elfin.de\/en\/disclaimer\/"]}]},{"@type":"BreadcrumbList","@id":"https:\/\/elfin.de\/en\/disclaimer\/#breadcrumb","itemListElement":[{"@type":"ListItem","position":1,"name":"Startseite","item":"https:\/\/elfin.de\/en\/home-page\/"},{"@type":"ListItem","position":2,"name":"Disclaimer"}]},{"@type":"WebSite","@id":"https:\/\/elfin.de\/en\/#website","url":"https:\/\/elfin.de\/en\/","name":"ELFIN Technology","description":"","publisher":{"@id":"https:\/\/elfin.de\/en\/#organization"},"potentialAction":[{"@type":"SearchAction","target":{"@type":"EntryPoint","urlTemplate":"https:\/\/elfin.de\/en\/?s={search_term_string}"},"query-input":{"@type":"PropertyValueSpecification","valueRequired":true,"valueName":"search_term_string"}}],"inLanguage":"en-US"},{"@type":"Organization","@id":"https:\/\/elfin.de\/en\/#organization","name":"ELFIN Consulting","url":"https:\/\/elfin.de\/en\/","logo":{"@type":"ImageObject","inLanguage":"en-US","@id":"https:\/\/elfin.de\/en\/#\/schema\/logo\/image\/","url":"","contentUrl":"","caption":"ELFIN Consulting"},"image":{"@id":"https:\/\/elfin.de\/en\/#\/schema\/logo\/image\/"}}]}},"_links":{"self":[{"href":"https:\/\/elfin.de\/en\/wp-json\/wp\/v2\/pages\/5220","targetHints":{"allow":["GET"]}}],"collection":[{"href":"https:\/\/elfin.de\/en\/wp-json\/wp\/v2\/pages"}],"about":[{"href":"https:\/\/elfin.de\/en\/wp-json\/wp\/v2\/types\/page"}],"author":[{"embeddable":true,"href":"https:\/\/elfin.de\/en\/wp-json\/wp\/v2\/users\/1"}],"replies":[{"embeddable":true,"href":"https:\/\/elfin.de\/en\/wp-json\/wp\/v2\/comments?post=5220"}],"version-history":[{"count":0,"href":"https:\/\/elfin.de\/en\/wp-json\/wp\/v2\/pages\/5220\/revisions"}],"wp:attachment":[{"href":"https:\/\/elfin.de\/en\/wp-json\/wp\/v2\/media?parent=5220"}],"curies":[{"name":"wp","href":"https:\/\/api.w.org\/{rel}","templated":true}]}}